{"id":28,"date":"2022-01-28T16:39:44","date_gmt":"2022-01-28T16:39:44","guid":{"rendered":"https:\/\/milientertainerin.com\/?page_id=28"},"modified":"2026-04-05T22:21:33","modified_gmt":"2026-04-05T22:21:33","slug":"referenzen","status":"publish","type":"page","link":"https:\/\/milikorpar.com\/hr\/referenzen\/","title":{"rendered":"Referenzen"},"content":{"rendered":"<div data-elementor-type=\"wp-page\" data-elementor-id=\"28\" class=\"elementor elementor-28\">\n\t\t\t\t\t\t<section class=\"elementor-section elementor-top-section elementor-element elementor-element-bf90826 elementor-section-stretched elementor-section-content-middle elementor-section-full_width elementor-section-height-min-height elementor-section-height-default elementor-section-items-middle\" data-id=\"bf90826\" data-element_type=\"section\" data-settings=\"{&quot;background_background&quot;:&quot;gradient&quot;,&quot;stretch_section&quot;:&quot;section-stretched&quot;}\">\n\t\t\t\t\t\t<div class=\"elementor-container elementor-column-gap-wide\">\n\t\t\t\t\t<div class=\"elementor-column elementor-col-100 elementor-top-column elementor-element elementor-element-6488203a\" data-id=\"6488203a\" data-element_type=\"column\">\n\t\t\t<div class=\"elementor-widget-wrap elementor-element-populated\">\n\t\t\t\t\t\t<section class=\"elementor-section elementor-inner-section elementor-element elementor-element-8f67d01 elementor-section-boxed elementor-section-height-default elementor-section-height-default\" data-id=\"8f67d01\" data-element_type=\"section\">\n\t\t\t\t\t\t<div class=\"elementor-container elementor-column-gap-default\">\n\t\t\t\t\t<div class=\"elementor-column elementor-col-25 elementor-inner-column elementor-element elementor-element-3d86d7c\" data-id=\"3d86d7c\" data-element_type=\"column\">\n\t\t\t<div class=\"elementor-widget-wrap elementor-element-populated\">\n\t\t\t\t\t\t<div class=\"elementor-element elementor-element-56c98df elementor-widget elementor-widget-text-editor\" data-id=\"56c98df\" data-element_type=\"widget\" data-widget_type=\"text-editor.default\">\n\t\t\t\t<div class=\"elementor-widget-container\">\n\t\t\t\t\t\t\t\t\t<h3><strong>Kao autorica glazbe i tekstova sura\u0111ivala sam s priznatim izvo\u0111a\u010dima te stvarala pjesme koje \u017eive me\u0111u ljudima\u00a0<\/strong><\/h3><p><strong>\u017delim si, \u017eelim<\/strong> -Ansambel Petovio ( \u0160trk) B<span style=\"font-size: 14px;\">Tekst: Mili Korpar<\/span><\/p><p><strong>Ali sli\u0161i\u0161 pesem mojo<\/strong> &#8211; Ansambel Petovio( \u0160trk)\u00a0 \u00a0 \u00a0 \u00a0 \u00a0 \u00a0 \u00a0 \u00a0 \u00a0 \u00a0 \u00a0 \u00a0 \u00a0 \u00a0 \u00a0 \u00a0 \u00a0 \u00a0 \u00a0 \u00a0 \u00a0 \u00a0 \u00a0 \u00a0 \u00a0 \u00a0<span style=\"font-size: 14px; background-color: transparent;\">\u00a0Tekst: Mili Korpar<\/span><\/p><p><span style=\"font-size: 14px;\"><strong>Na\u0161a babica je zobe izgubila<\/strong> Tekst: Mili Korpar<\/span><\/p><p><strong>Pozabi me<\/strong> &#8211; Natalija Verboten\u00a0 \u00a0 \u00a0 \u00a0 \u00a0 \u00a0 \u00a0 \u00a0 \u00a0 \u00a0 \u00a0Besedilo: Mili Korpar<\/p><p><strong>\u010ce bi te sre\u010dala pre<\/strong>j &#8211; Natalija Verboten\u00a0 \u00a0 \u00a0 Besedilo: Mili Korpar<\/p><p><strong>Ni mi mar<\/strong>: Natalija Verboten\u00a0 \u00a0 \u00a0 \u00a0 \u00a0 \u00a0 \u00a0 \u00a0 \u00a0 \u00a0 \u00a0 \u00a0 Besedilo: Mili Korpar<\/p><p>Mo\u0161ki brez napak &#8211; Natalija Verboten\u00a0 \u00a0 \u00a0 \u00a0 \u00a0 Besedilo: Mili Korpar<\/p><p><strong>Pojdi<\/strong> &#8211; Natalija Verboten\u00a0 \u00a0 \u00a0 \u00a0 \u00a0 \u00a0 \u00a0 \u00a0 \u00a0 \u00a0 \u00a0 \u00a0 \u00a0 \u00a0 \u00a0 Besedilo: Mili Korpar<\/p><p><strong>Jajce na oko<\/strong> &#8211; ansambel Klapovuhi\u00a0 \u00a0 \u00a0 \u00a0 \u00a0 \u00a0 \u00a0Besedilo: Mili Korpar<\/p><p><strong>Pozdravljeni prijatelji<\/strong> &#8211; ansambel Klapovuhi\u00a0 \u00a0 \u00a0 Besedilo: Mili Korpar<\/p><p><strong>Serenada ljubavi<\/strong> &#8211; Zlatko Dobri\u010d\u00a0 \u00a0 \u00a0 \u00a0 \u00a0 \u00a0 \u00a0 \u00a0 \u00a0Besedilo: Mili Korpar<\/p><p><strong>Poleti lastovka<\/strong> &#8211; Damjan Murko\u00a0 \u00a0 \u00a0 \u00a0 \u00a0 \u00a0 \u00a0 \u00a0 Besedilo: Mili Korpar<\/p><p><strong>Slav\u010dek<\/strong> &#8211; Damjan Murko\u00a0 \u00a0 \u00a0 \u00a0 \u00a0 \u00a0 \u00a0 Besedilo: Mili Korpar<\/p><p><strong>Eden in edini<\/strong>: Damjan Murko\u00a0 \u00a0 \u00a0Besedilo\/ Glasba: Mili Korpar<\/p><p><strong>Brez tebe mene ni<\/strong> &#8211; Deja vu Band\u00a0 \u00a0 \u00a0 \u00a0 \u00a0 \u00a0 Besedilo: Mili korpar<\/p><p><strong>Prihajam domov<\/strong>&#8211; Mili\u00a0 \u00a0 \u00a0 \u00a0 \u00a0 \u00a0 \u00a0 \u00a0 \u00a0 Besedilo\/glasba: Mili Korpar<\/p>\t\t\t\t\t\t\t\t<\/div>\n\t\t\t\t<\/div>\n\t\t\t\t\t<\/div>\n\t\t<\/div>\n\t\t\t\t<div class=\"elementor-column elementor-col-25 elementor-inner-column elementor-element elementor-element-9a8955d\" data-id=\"9a8955d\" data-element_type=\"column\">\n\t\t\t<div class=\"elementor-widget-wrap elementor-element-populated\">\n\t\t\t\t\t\t<div class=\"elementor-element elementor-element-235b87d elementor-widget elementor-widget-text-editor\" data-id=\"235b87d\" data-element_type=\"widget\" data-widget_type=\"text-editor.default\">\n\t\t\t\t<div class=\"elementor-widget-container\">\n\t\t\t\t\t\t\t\t\t<p><strong>Zgrije\u0161io sam i Bogu i tebi<\/strong> &#8211; Du\u0161ko Lokin\u00a0 \u00a0 \u00a0Besedilo: Mili Korpar<\/p><p><strong>Pet godina<\/strong> &#8211; Dolores\u00a0 \u00a0 \u00a0 \u00a0 \u00a0 \u00a0 \u00a0 \u00a0 \u00a0 \u00a0 \u00a0 \u00a0 \u00a0 \u00a0 \u00a0 \u00a0 \u00a0 \u00a0 Besedilo: Mili Korpar<\/p><p><strong>Pjesmom te pozdravljam<\/strong> &#8211; D\u017eo Mara\u010di\u0107-Maki &amp; Melita Golob\u00a0 \u00a0 \u00a0 \u00a0 \u00a0 \u00a0 \u00a0 \u00a0 \u00a0 \u00a0 \u00a0 \u00a0 \u00a0 \u00a0 \u00a0 \u00a0 \u00a0 \u00a0 Besedilo\/Glasba: Mili Korpar<\/p><p><strong>Hrvatski stari svatovi<\/strong> &#8211; Amir kazi\u0107 Leo\u00a0 \u00a0 \u00a0 \u00a0Besedilo: Mili Korpar<\/p><p><strong>Nau\u010di me \u017eivjeti<\/strong> -Nenad Kumri\u0107-Charlie\u00a0 \u00a0 \u00a0 Besedilo: Mili Korpar<\/p><p><span style=\"font-size: 14px; background-color: transparent;\"><strong>Napit \u0107u se ove no\u0107i<\/strong> &#8211; Nenad Kumri\u0107-Charlie\u00a0 \u00a0 \u00a0 \u00a0 \u00a0 \u00a0 \u00a0 \u00a0 \u00a0 \u00a0 \u00a0 \u00a0 \u00a0 \u00a0 \u00a0 \u00a0 \u00a0 \u00a0 \u00a0 \u00a0 \u00a0 \u00a0 \u00a0 \u00a0 \u00a0 \u00a0 \u00a0 \u00a0 Besedilo: Mili Korpar<\/span><\/p><p><span style=\"font-size: 14px; background-color: transparent;\"><strong>Jo\u0161 je pisme ostalo<\/strong> &#8211; Nenad Kumri\u0107-Charlie\u00a0 \u00a0 \u00a0 \u00a0 \u00a0 \u00a0 \u00a0 \u00a0 \u00a0 \u00a0 \u00a0 \u00a0 \u00a0 \u00a0 \u00a0 \u00a0 \u00a0 \u00a0 \u00a0 \u00a0 \u00a0 \u00a0 \u00a0 \u00a0 \u00a0 \u00a0 \u00a0 \u00a0 \u00a0Besedilo\/Glasba: Mili Korpar\u00a0<\/span><\/p><p><span style=\"font-size: 14px; background-color: transparent;\"><strong>\u010cuvaj misto na ku\u0161inu<\/strong> &#8211; Sinji Galeb\u00a0 \u00a0 \u00a0 \u00a0 \u00a0 \u00a0Besedilo \/ Glasba: Mili Korpar<\/span><\/p><p><span style=\"font-size: 14px; background-color: transparent;\">Ostani uz mene &#8211; Jadranski maestrali\u00a0 \u00a0 \u00a0 \u00a0 \u00a0Besedilo\/Glasba: M. Korpar<\/span><\/p><p><strong><span style=\"font-size: 14px; background-color: transparent;\">Nisem kriva<\/span><\/strong><span style=\"font-size: 14px; background-color: transparent;\"> &#8211; Nova Legija\u00a0 \u00a0 \u00a0 \u00a0 \u00a0 \u00a0 Besedilo: Mili Korpar<\/span><\/p><p><strong>\u010ce se kdaj razideva<\/strong> &#8211; Nova legija\u00a0 \u00a0 \u00a0 \u00a0 \u00a0 \u00a0 \u00a0 \u00a0Besedilo: Mili Korpar<\/p><p><strong>La-la-la<\/strong> -Andreja Zaljetelj\u00a0 \u00a0 \u00a0 \u00a0 \u00a0 \u00a0 \u00a0 Besedilo \/Glasba: Mili Korpar<\/p><p><strong>Violina poje<\/strong> &#8211; Gitano band &amp; Mili\u00a0 \u00a0 \u00a0 \u00a0 \u00a0 \u00a0 \u00a0 \u00a0 \u00a0Glasba: Mili Korpar<\/p>\t\t\t\t\t\t\t\t<\/div>\n\t\t\t\t<\/div>\n\t\t\t\t\t<\/div>\n\t\t<\/div>\n\t\t\t\t<div class=\"elementor-column elementor-col-25 elementor-inner-column elementor-element elementor-element-f5e3507\" data-id=\"f5e3507\" data-element_type=\"column\">\n\t\t\t<div class=\"elementor-widget-wrap elementor-element-populated\">\n\t\t\t\t\t\t\t<\/div>\n\t\t<\/div>\n\t\t\t\t<div class=\"elementor-column elementor-col-25 elementor-inner-column elementor-element elementor-element-f557308\" data-id=\"f557308\" data-element_type=\"column\">\n\t\t\t<div class=\"elementor-widget-wrap elementor-element-populated\">\n\t\t\t\t\t\t\t<\/div>\n\t\t<\/div>\n\t\t\t\t\t<\/div>\n\t\t<\/section>\n\t\t\t\t\t<\/div>\n\t\t<\/div>\n\t\t\t\t\t<\/div>\n\t\t<\/section>\n\t\t\t\t<\/div>","protected":false},"excerpt":{"rendered":"<p>Kot avtorica glasbe in besedil sem sodelovala z razli\u010dnimi priznanimi izvajalci ter soustvarila \u0161tevilne skladbe, ki \u017eivijo med ljudmi.\u00a0 \u017delim si, \u017eelim -Ansambel Petovio ( \u0160trk) Besedilo:\u00a0 Mili Korpar Ali sli\u0161i\u0161 pesem mojo &#8211; Ansambel Petovio( \u0160trk)\u00a0 \u00a0 \u00a0 \u00a0 \u00a0 \u00a0 \u00a0 \u00a0 \u00a0 \u00a0 \u00a0 \u00a0 \u00a0 \u00a0 \u00a0 \u00a0 \u00a0 \u00a0 \u00a0 [&hellip;]<\/p>\n","protected":false},"author":1,"featured_media":0,"parent":0,"menu_order":5,"comment_status":"closed","ping_status":"closed","template":"","meta":{"ocean_post_layout":"full-screen","ocean_both_sidebars_style":"","ocean_both_sidebars_content_width":0,"ocean_both_sidebars_sidebars_width":0,"ocean_sidebar":"0","ocean_second_sidebar":"0","ocean_disable_margins":"enable","ocean_add_body_class":"","ocean_shortcode_before_top_bar":"","ocean_shortcode_after_top_bar":"","ocean_shortcode_before_header":"","ocean_shortcode_after_header":"","ocean_has_shortcode":"","ocean_shortcode_after_title":"","ocean_shortcode_before_footer_widgets":"","ocean_shortcode_after_footer_widgets":"","ocean_shortcode_before_footer_bottom":"","ocean_shortcode_after_footer_bottom":"","ocean_display_top_bar":"off","ocean_display_header":"default","ocean_header_style":"","ocean_center_header_left_menu":"0","ocean_custom_header_template":"0","ocean_custom_logo":0,"ocean_custom_retina_logo":0,"ocean_custom_logo_max_width":0,"ocean_custom_logo_tablet_max_width":0,"ocean_custom_logo_mobile_max_width":0,"ocean_custom_logo_max_height":0,"ocean_custom_logo_tablet_max_height":0,"ocean_custom_logo_mobile_max_height":0,"ocean_header_custom_menu":"0","ocean_menu_typo_font_family":"0","ocean_menu_typo_font_subset":"","ocean_menu_typo_font_size":0,"ocean_menu_typo_font_size_tablet":0,"ocean_menu_typo_font_size_mobile":0,"ocean_menu_typo_font_size_unit":"px","ocean_menu_typo_font_weight":"","ocean_menu_typo_font_weight_tablet":"","ocean_menu_typo_font_weight_mobile":"","ocean_menu_typo_transform":"","ocean_menu_typo_transform_tablet":"","ocean_menu_typo_transform_mobile":"","ocean_menu_typo_line_height":0,"ocean_menu_typo_line_height_tablet":0,"ocean_menu_typo_line_height_mobile":0,"ocean_menu_typo_line_height_unit":"","ocean_menu_typo_spacing":0,"ocean_menu_typo_spacing_tablet":0,"ocean_menu_typo_spacing_mobile":0,"ocean_menu_typo_spacing_unit":"","ocean_menu_link_color":"","ocean_menu_link_color_hover":"","ocean_menu_link_color_active":"","ocean_menu_link_background":"","ocean_menu_link_hover_background":"","ocean_menu_link_active_background":"","ocean_menu_social_links_bg":"","ocean_menu_social_hover_links_bg":"","ocean_menu_social_links_color":"","ocean_menu_social_hover_links_color":"","ocean_disable_title":"on","ocean_disable_heading":"default","ocean_post_title":"","ocean_post_subheading":"","ocean_post_title_style":"","ocean_post_title_background_color":"","ocean_post_title_background":0,"ocean_post_title_bg_image_position":"","ocean_post_title_bg_image_attachment":"","ocean_post_title_bg_image_repeat":"","ocean_post_title_bg_image_size":"","ocean_post_title_height":0,"ocean_post_title_bg_overlay":0.5,"ocean_post_title_bg_overlay_color":"","ocean_disable_breadcrumbs":"default","ocean_breadcrumbs_color":"","ocean_breadcrumbs_separator_color":"","ocean_breadcrumbs_links_color":"","ocean_breadcrumbs_links_hover_color":"","ocean_display_footer_widgets":"off","ocean_display_footer_bottom":"off","ocean_custom_footer_template":"0","omw_enable_modal_window":"enable","footnotes":""},"class_list":["post-28","page","type-page","status-publish","hentry","entry"],"_links":{"self":[{"href":"https:\/\/milikorpar.com\/hr\/wp-json\/wp\/v2\/pages\/28","targetHints":{"allow":["GET"]}}],"collection":[{"href":"https:\/\/milikorpar.com\/hr\/wp-json\/wp\/v2\/pages"}],"about":[{"href":"https:\/\/milikorpar.com\/hr\/wp-json\/wp\/v2\/types\/page"}],"author":[{"embeddable":true,"href":"https:\/\/milikorpar.com\/hr\/wp-json\/wp\/v2\/users\/1"}],"replies":[{"embeddable":true,"href":"https:\/\/milikorpar.com\/hr\/wp-json\/wp\/v2\/comments?post=28"}],"version-history":[{"count":95,"href":"https:\/\/milikorpar.com\/hr\/wp-json\/wp\/v2\/pages\/28\/revisions"}],"predecessor-version":[{"id":1611,"href":"https:\/\/milikorpar.com\/hr\/wp-json\/wp\/v2\/pages\/28\/revisions\/1611"}],"wp:attachment":[{"href":"https:\/\/milikorpar.com\/hr\/wp-json\/wp\/v2\/media?parent=28"}],"curies":[{"name":"wp","href":"https:\/\/api.w.org\/{rel}","templated":true}]}}