{"id":26,"date":"2022-01-28T16:38:19","date_gmt":"2022-01-28T16:38:19","guid":{"rendered":"https:\/\/milientertainerin.com\/?page_id=26"},"modified":"2026-04-08T23:08:22","modified_gmt":"2026-04-08T23:08:22","slug":"mili-2","status":"publish","type":"page","link":"https:\/\/milikorpar.com\/hr\/mili-2\/","title":{"rendered":"Mili"},"content":{"rendered":"<div data-elementor-type=\"wp-page\" data-elementor-id=\"26\" class=\"elementor elementor-26\">\n\t\t\t\t\t\t<section class=\"elementor-section elementor-top-section elementor-element elementor-element-9ce4c71 elementor-section-boxed elementor-section-height-default elementor-section-height-default\" data-id=\"9ce4c71\" data-element_type=\"section\" data-settings=\"{&quot;background_background&quot;:&quot;gradient&quot;}\">\n\t\t\t\t\t\t<div class=\"elementor-container elementor-column-gap-default\">\n\t\t\t\t\t<div class=\"elementor-column elementor-col-33 elementor-top-column elementor-element elementor-element-dbb8e85\" data-id=\"dbb8e85\" data-element_type=\"column\">\n\t\t\t<div class=\"elementor-widget-wrap elementor-element-populated\">\n\t\t\t\t\t\t<div class=\"elementor-element elementor-element-25057d2 elementor-widget elementor-widget-image\" data-id=\"25057d2\" data-element_type=\"widget\" data-widget_type=\"image.default\">\n\t\t\t\t<div class=\"elementor-widget-container\">\n\t\t\t\t\t\t\t\t\t\t\t\t\t\t\t<img fetchpriority=\"high\" decoding=\"async\" width=\"1024\" height=\"1024\" src=\"https:\/\/milikorpar.com\/wp-content\/uploads\/2026\/04\/mili-slika-1024x1024.jpg\" class=\"attachment-large size-large wp-image-1723\" alt=\"\" srcset=\"https:\/\/milikorpar.com\/wp-content\/uploads\/2026\/04\/mili-slika-1024x1024.jpg 1024w, https:\/\/milikorpar.com\/wp-content\/uploads\/2026\/04\/mili-slika-300x300.jpg 300w, https:\/\/milikorpar.com\/wp-content\/uploads\/2026\/04\/mili-slika-150x150.jpg 150w, https:\/\/milikorpar.com\/wp-content\/uploads\/2026\/04\/mili-slika-768x768.jpg 768w, https:\/\/milikorpar.com\/wp-content\/uploads\/2026\/04\/mili-slika-12x12.jpg 12w, https:\/\/milikorpar.com\/wp-content\/uploads\/2026\/04\/mili-slika-600x600.jpg 600w, https:\/\/milikorpar.com\/wp-content\/uploads\/2026\/04\/mili-slika.jpg 1200w\" sizes=\"(max-width: 1024px) 100vw, 1024px\" \/>\t\t\t\t\t\t\t\t\t\t\t\t\t\t\t<\/div>\n\t\t\t\t<\/div>\n\t\t\t\t\t<\/div>\n\t\t<\/div>\n\t\t\t\t<div class=\"elementor-column elementor-col-33 elementor-top-column elementor-element elementor-element-652fa00\" data-id=\"652fa00\" data-element_type=\"column\">\n\t\t\t<div class=\"elementor-widget-wrap elementor-element-populated\">\n\t\t\t\t\t\t<div class=\"elementor-element elementor-element-57f809c elementor-widget elementor-widget-image\" data-id=\"57f809c\" data-element_type=\"widget\" data-widget_type=\"image.default\">\n\t\t\t\t<div class=\"elementor-widget-container\">\n\t\t\t\t\t\t\t\t\t\t\t\t\t\t\t<img decoding=\"async\" width=\"683\" height=\"683\" src=\"https:\/\/milikorpar.com\/wp-content\/uploads\/2026\/04\/logo-gold-1-zu-1.jpg\" class=\"attachment-large size-large wp-image-1663\" alt=\"\" srcset=\"https:\/\/milikorpar.com\/wp-content\/uploads\/2026\/04\/logo-gold-1-zu-1.jpg 683w, https:\/\/milikorpar.com\/wp-content\/uploads\/2026\/04\/logo-gold-1-zu-1-300x300.jpg 300w, https:\/\/milikorpar.com\/wp-content\/uploads\/2026\/04\/logo-gold-1-zu-1-150x150.jpg 150w, https:\/\/milikorpar.com\/wp-content\/uploads\/2026\/04\/logo-gold-1-zu-1-12x12.jpg 12w, https:\/\/milikorpar.com\/wp-content\/uploads\/2026\/04\/logo-gold-1-zu-1-600x600.jpg 600w\" sizes=\"(max-width: 683px) 100vw, 683px\" \/>\t\t\t\t\t\t\t\t\t\t\t\t\t\t\t<\/div>\n\t\t\t\t<\/div>\n\t\t\t\t\t<\/div>\n\t\t<\/div>\n\t\t\t\t<div class=\"elementor-column elementor-col-33 elementor-top-column elementor-element elementor-element-7e4b524\" data-id=\"7e4b524\" data-element_type=\"column\">\n\t\t\t<div class=\"elementor-widget-wrap elementor-element-populated\">\n\t\t\t\t\t\t<div class=\"elementor-element elementor-element-5e54da5 elementor-widget elementor-widget-image\" data-id=\"5e54da5\" data-element_type=\"widget\" data-widget_type=\"image.default\">\n\t\t\t\t<div class=\"elementor-widget-container\">\n\t\t\t\t\t\t\t\t\t\t\t\t\t\t\t<img decoding=\"async\" src=\"https:\/\/milikorpar.com\/wp-content\/uploads\/2026\/04\/mili-gold-1-zu-1.jpg\" title=\"\" alt=\"\" loading=\"lazy\" \/>\t\t\t\t\t\t\t\t\t\t\t\t\t\t\t<\/div>\n\t\t\t\t<\/div>\n\t\t\t\t\t<\/div>\n\t\t<\/div>\n\t\t\t\t\t<\/div>\n\t\t<\/section>\n\t\t\t\t<section class=\"elementor-section elementor-top-section elementor-element elementor-element-a3c4262 elementor-section-boxed elementor-section-height-default elementor-section-height-default\" data-id=\"a3c4262\" data-element_type=\"section\" data-settings=\"{&quot;background_background&quot;:&quot;gradient&quot;}\">\n\t\t\t\t\t\t<div class=\"elementor-container elementor-column-gap-default\">\n\t\t\t\t\t<div class=\"elementor-column elementor-col-100 elementor-top-column elementor-element elementor-element-28aeb70\" data-id=\"28aeb70\" data-element_type=\"column\">\n\t\t\t<div class=\"elementor-widget-wrap elementor-element-populated\">\n\t\t\t\t\t\t<div class=\"elementor-element elementor-element-1b43f07 elementor-widget__width-initial elementor-widget elementor-widget-heading\" data-id=\"1b43f07\" data-element_type=\"widget\" data-widget_type=\"heading.default\">\n\t\t\t\t<div class=\"elementor-widget-container\">\n\t\t\t\t\t<h2 class=\"elementor-heading-title elementor-size-large\"><a href=\"https:\/\/milikorpar.com\/hr\/mili\/\">Glazba je moj \u017eivotni put, a pozornica moj drugi dom.<br>Sem pevka in avtorica z ve\u010d kot 40-letno glasbeno potjo.\nRojena sem na Hrva\u0161kem,v Podravini,  kjer sem \u017ee zelo zgodaj za\u010dela nastopati v skupini Hollywood.\n\u017divljenjska pot me je vodila v Nem\u010dijo, kjer sem si ustvarila dru\u017eino, hkrati pa ostala aktivna v glasbi. Tam sem za\u010dela pisati besedila ter sodelovati kot tekstopistka z legendarnim skladateljem \u0110or\u0111em Novkovi\u0107em.\nKasneje sem se preselila v Slovenijo, kjer sem nadaljevala svojo umetni\u0161ko pot. Tu sem spoznala svojo stalno ustvarjalno ekipo \u2013 tonskega tehnika Mitjo Krap\u0161o (studio Jama) ter aran\u017eerja in skladatelja Tomija Valenka (Tomiton), s katerima \u0161e danes ustvarjamo nove glasbene zgodbe.\nDo danes sem napisala ve\u010d kot 100 besedil ter ustvarila \u0161tevilne skladbe za razli\u010dne izvajalce. Izdala sem \u0161tiri albume ter nastopala na \u0161tevilnih festivalih in televizijskih oddajah.\nUstvarjam in izvajam glasbo v slovenskem, hrva\u0161kem in nem\u0161kem jeziku, saj me spremlja tudi mednarodno ob\u010dinstvo.\nMoji nastopi zdru\u017eujejo petje, kabaret in imitacije. V vsak nastop vlo\u017eim energijo, \u010dustva in iskren stik z ob\u010dinstvom.\nZgodbe \u017eivljenja pripovedujem skozi svoje pesmi, najve\u010dje merilo mojega uspeha pa je publika \u2013 njena energija, odziv in trenutki, ki jih ustvarimo skupaj.<\/a><\/h2>\t\t\t\t<\/div>\n\t\t\t\t<\/div>\n\t\t\t\t\t<\/div>\n\t\t<\/div>\n\t\t\t\t\t<\/div>\n\t\t<\/section>\n\t\t\t\t<section class=\"elementor-section elementor-top-section elementor-element elementor-element-a66aa0d elementor-section-boxed elementor-section-height-default elementor-section-height-default\" data-id=\"a66aa0d\" data-element_type=\"section\">\n\t\t\t\t\t\t<div class=\"elementor-container elementor-column-gap-default\">\n\t\t\t\t\t<div class=\"elementor-column elementor-col-100 elementor-top-column elementor-element elementor-element-04ca009\" data-id=\"04ca009\" data-element_type=\"column\">\n\t\t\t<div class=\"elementor-widget-wrap elementor-element-populated\">\n\t\t\t\t\t\t\t<\/div>\n\t\t<\/div>\n\t\t\t\t\t<\/div>\n\t\t<\/section>\n\t\t\t\t<section class=\"elementor-section elementor-top-section elementor-element elementor-element-27c0d0a elementor-section-boxed elementor-section-height-default elementor-section-height-default\" data-id=\"27c0d0a\" data-element_type=\"section\">\n\t\t\t\t\t\t<div class=\"elementor-container elementor-column-gap-default\">\n\t\t\t\t\t<div class=\"elementor-column elementor-col-100 elementor-top-column elementor-element elementor-element-7abd042\" data-id=\"7abd042\" data-element_type=\"column\">\n\t\t\t<div class=\"elementor-widget-wrap\">\n\t\t\t\t\t\t\t<\/div>\n\t\t<\/div>\n\t\t\t\t\t<\/div>\n\t\t<\/section>\n\t\t\t\t<\/div>","protected":false},"excerpt":{"rendered":"<p>Glasba je moja \u017eivljenjska pot, oder pa moj drugi dom.Sem pevka in avtorica z ve\u010d kot 40-letno glasbeno potjo. Rojena sem na Hrva\u0161kem,v Podravini, kjer sem \u017ee zelo zgodaj za\u010dela nastopati v skupini Hollywood. \u017divljenjska pot me je vodila v Nem\u010dijo, kjer sem si ustvarila dru\u017eino, hkrati pa ostala aktivna v glasbi. Tam sem za\u010dela [&hellip;]<\/p>\n","protected":false},"author":1,"featured_media":0,"parent":0,"menu_order":2,"comment_status":"closed","ping_status":"closed","template":"","meta":{"ocean_post_layout":"full-screen","ocean_both_sidebars_style":"","ocean_both_sidebars_content_width":0,"ocean_both_sidebars_sidebars_width":0,"ocean_sidebar":"0","ocean_second_sidebar":"0","ocean_disable_margins":"enable","ocean_add_body_class":"","ocean_shortcode_before_top_bar":"","ocean_shortcode_after_top_bar":"","ocean_shortcode_before_header":"","ocean_shortcode_after_header":"","ocean_has_shortcode":"","ocean_shortcode_after_title":"","ocean_shortcode_before_footer_widgets":"","ocean_shortcode_after_footer_widgets":"","ocean_shortcode_before_footer_bottom":"","ocean_shortcode_after_footer_bottom":"","ocean_display_top_bar":"off","ocean_display_header":"default","ocean_header_style":"","ocean_center_header_left_menu":"0","ocean_custom_header_template":"0","ocean_custom_logo":287,"ocean_custom_retina_logo":0,"ocean_custom_logo_max_width":0,"ocean_custom_logo_tablet_max_width":0,"ocean_custom_logo_mobile_max_width":0,"ocean_custom_logo_max_height":0,"ocean_custom_logo_tablet_max_height":0,"ocean_custom_logo_mobile_max_height":0,"ocean_header_custom_menu":"0","ocean_menu_typo_font_family":"0","ocean_menu_typo_font_subset":"","ocean_menu_typo_font_size":0,"ocean_menu_typo_font_size_tablet":0,"ocean_menu_typo_font_size_mobile":0,"ocean_menu_typo_font_size_unit":"px","ocean_menu_typo_font_weight":"","ocean_menu_typo_font_weight_tablet":"","ocean_menu_typo_font_weight_mobile":"","ocean_menu_typo_transform":"","ocean_menu_typo_transform_tablet":"","ocean_menu_typo_transform_mobile":"","ocean_menu_typo_line_height":0,"ocean_menu_typo_line_height_tablet":0,"ocean_menu_typo_line_height_mobile":0,"ocean_menu_typo_line_height_unit":"","ocean_menu_typo_spacing":0,"ocean_menu_typo_spacing_tablet":0,"ocean_menu_typo_spacing_mobile":0,"ocean_menu_typo_spacing_unit":"","ocean_menu_link_color":"","ocean_menu_link_color_hover":"","ocean_menu_link_color_active":"","ocean_menu_link_background":"","ocean_menu_link_hover_background":"","ocean_menu_link_active_background":"","ocean_menu_social_links_bg":"","ocean_menu_social_hover_links_bg":"","ocean_menu_social_links_color":"","ocean_menu_social_hover_links_color":"","ocean_disable_title":"on","ocean_disable_heading":"default","ocean_post_title":"","ocean_post_subheading":"","ocean_post_title_style":"","ocean_post_title_background_color":"","ocean_post_title_background":0,"ocean_post_title_bg_image_position":"","ocean_post_title_bg_image_attachment":"","ocean_post_title_bg_image_repeat":"","ocean_post_title_bg_image_size":"","ocean_post_title_height":0,"ocean_post_title_bg_overlay":0.5,"ocean_post_title_bg_overlay_color":"","ocean_disable_breadcrumbs":"default","ocean_breadcrumbs_color":"","ocean_breadcrumbs_separator_color":"","ocean_breadcrumbs_links_color":"","ocean_breadcrumbs_links_hover_color":"","ocean_display_footer_widgets":"off","ocean_display_footer_bottom":"off","ocean_custom_footer_template":"0","omw_enable_modal_window":"enable","footnotes":""},"class_list":["post-26","page","type-page","status-publish","hentry","entry"],"_links":{"self":[{"href":"https:\/\/milikorpar.com\/hr\/wp-json\/wp\/v2\/pages\/26","targetHints":{"allow":["GET"]}}],"collection":[{"href":"https:\/\/milikorpar.com\/hr\/wp-json\/wp\/v2\/pages"}],"about":[{"href":"https:\/\/milikorpar.com\/hr\/wp-json\/wp\/v2\/types\/page"}],"author":[{"embeddable":true,"href":"https:\/\/milikorpar.com\/hr\/wp-json\/wp\/v2\/users\/1"}],"replies":[{"embeddable":true,"href":"https:\/\/milikorpar.com\/hr\/wp-json\/wp\/v2\/comments?post=26"}],"version-history":[{"count":265,"href":"https:\/\/milikorpar.com\/hr\/wp-json\/wp\/v2\/pages\/26\/revisions"}],"predecessor-version":[{"id":1729,"href":"https:\/\/milikorpar.com\/hr\/wp-json\/wp\/v2\/pages\/26\/revisions\/1729"}],"wp:attachment":[{"href":"https:\/\/milikorpar.com\/hr\/wp-json\/wp\/v2\/media?parent=26"}],"curies":[{"name":"wp","href":"https:\/\/api.w.org\/{rel}","templated":true}]}}