{"id":187,"date":"2022-01-31T21:35:46","date_gmt":"2022-01-31T21:35:46","guid":{"rendered":"https:\/\/milientertainerin.com\/?page_id=187"},"modified":"2026-04-29T18:12:03","modified_gmt":"2026-04-29T18:12:03","slug":"home","status":"publish","type":"page","link":"https:\/\/milikorpar.com\/hr\/","title":{"rendered":"Home"},"content":{"rendered":"<div data-elementor-type=\"wp-page\" data-elementor-id=\"187\" class=\"elementor elementor-187\">\n\t\t\t\t\t\t<section class=\"elementor-section elementor-top-section elementor-element elementor-element-2e125661 elementor-section-full_width elementor-section-height-default elementor-section-height-default\" data-id=\"2e125661\" data-element_type=\"section\" data-settings=\"{&quot;background_background&quot;:&quot;classic&quot;}\">\n\t\t\t\t\t\t<div class=\"elementor-container elementor-column-gap-no\">\n\t\t\t\t\t<div class=\"elementor-column elementor-col-100 elementor-top-column elementor-element elementor-element-2b580e67 envato-kit-202-carousel\" data-id=\"2b580e67\" data-element_type=\"column\">\n\t\t\t<div class=\"elementor-widget-wrap elementor-element-populated\">\n\t\t\t\t\t\t<div class=\"elementor-element elementor-element-b9e9ce3 elementor-widget elementor-widget-heading\" data-id=\"b9e9ce3\" data-element_type=\"widget\" data-widget_type=\"heading.default\">\n\t\t\t\t<div class=\"elementor-widget-container\">\n\t\t\t\t\t<h2 class=\"elementor-heading-title elementor-size-medium\"><a href=\"https:\/\/www.youtube.com\/watch?v=_qfM7DXi1bk&#038;list=RD_qfM7DXi1bk&#038;start_radio=1\">Klikni in poslu\u0161aj novo pesem:  Ne bom \u010dakala nate  <\/a><\/h2>\t\t\t\t<\/div>\n\t\t\t\t<\/div>\n\t\t\t\t\t<\/div>\n\t\t<\/div>\n\t\t\t\t\t<\/div>\n\t\t<\/section>\n\t\t\t\t<section class=\"elementor-section elementor-top-section elementor-element elementor-element-ebe49c4 elementor-section-full_width elementor-section-height-default elementor-section-height-default\" data-id=\"ebe49c4\" data-element_type=\"section\" data-settings=\"{&quot;background_background&quot;:&quot;gradient&quot;}\">\n\t\t\t\t\t\t<div class=\"elementor-container elementor-column-gap-default\">\n\t\t\t\t\t<div class=\"elementor-column elementor-col-100 elementor-top-column elementor-element elementor-element-1a687f3\" data-id=\"1a687f3\" data-element_type=\"column\">\n\t\t\t<div class=\"elementor-widget-wrap elementor-element-populated\">\n\t\t\t\t\t\t<div class=\"elementor-element elementor-element-5ca427d elementor-widget__width-initial elementor-widget elementor-widget-image\" data-id=\"5ca427d\" data-element_type=\"widget\" data-widget_type=\"image.default\">\n\t\t\t\t<div class=\"elementor-widget-container\">\n\t\t\t\t\t\t\t\t\t\t\t\t\t\t\t<img fetchpriority=\"high\" decoding=\"async\" width=\"768\" height=\"1076\" src=\"https:\/\/milikorpar.com\/wp-content\/uploads\/2026\/03\/naslovna-768x1076.jpg\" class=\"attachment-medium_large size-medium_large wp-image-1341\" alt=\"\" srcset=\"https:\/\/milikorpar.com\/wp-content\/uploads\/2026\/03\/naslovna-768x1076.jpg 768w, https:\/\/milikorpar.com\/wp-content\/uploads\/2026\/03\/naslovna-214x300.jpg 214w, https:\/\/milikorpar.com\/wp-content\/uploads\/2026\/03\/naslovna-731x1024.jpg 731w, https:\/\/milikorpar.com\/wp-content\/uploads\/2026\/03\/naslovna.jpg 829w\" sizes=\"(max-width: 768px) 100vw, 768px\" \/>\t\t\t\t\t\t\t\t\t\t\t\t\t\t\t<\/div>\n\t\t\t\t<\/div>\n\t\t\t\t<div class=\"elementor-element elementor-element-8291679 elementor-widget__width-initial elementor-widget-mobile__width-initial elementor-widget elementor-widget-text-editor\" data-id=\"8291679\" data-element_type=\"widget\" data-widget_type=\"text-editor.default\">\n\t\t\t\t<div class=\"elementor-widget-container\">\n\t\t\t\t\t\t\t\t\t<p><em>Dobrodo\u0161li <\/em><em>u moj svijet glazbe!<\/em><\/p>\t\t\t\t\t\t\t\t<\/div>\n\t\t\t\t<\/div>\n\t\t\t\t\t<\/div>\n\t\t<\/div>\n\t\t\t\t\t<\/div>\n\t\t<\/section>\n\t\t\t\t<section class=\"elementor-section elementor-top-section elementor-element elementor-element-aa4c29b elementor-section-full_width elementor-section-height-default elementor-section-height-default\" data-id=\"aa4c29b\" data-element_type=\"section\" data-settings=\"{&quot;background_background&quot;:&quot;slideshow&quot;,&quot;background_slideshow_gallery&quot;:[],&quot;background_slideshow_loop&quot;:&quot;yes&quot;,&quot;background_slideshow_slide_duration&quot;:5000,&quot;background_slideshow_slide_transition&quot;:&quot;fade&quot;,&quot;background_slideshow_transition_duration&quot;:500}\">\n\t\t\t\t\t\t\t<div class=\"elementor-background-overlay\"><\/div>\n\t\t\t\t\t\t\t<div class=\"elementor-container elementor-column-gap-no\">\n\t\t\t\t\t<div class=\"elementor-column elementor-col-100 elementor-top-column elementor-element elementor-element-0a3c552\" data-id=\"0a3c552\" data-element_type=\"column\" data-settings=\"{&quot;background_background&quot;:&quot;gradient&quot;}\">\n\t\t\t<div class=\"elementor-widget-wrap elementor-element-populated\">\n\t\t\t\t\t\t<div class=\"elementor-element elementor-element-d1216bc elementor-widget__width-initial elementor-absolute elementor-widget elementor-widget-image\" data-id=\"d1216bc\" data-element_type=\"widget\" data-settings=\"{&quot;_position&quot;:&quot;absolute&quot;}\" data-widget_type=\"image.default\">\n\t\t\t\t<div class=\"elementor-widget-container\">\n\t\t\t\t\t\t\t\t\t\t\t\t\t\t\t<img decoding=\"async\" width=\"1024\" height=\"1024\" src=\"https:\/\/milikorpar.com\/wp-content\/uploads\/2026\/03\/ChatGPT-Image-23.-Maerz-2026-01_19_50.png\" class=\"attachment-full size-full wp-image-1147\" alt=\"\" srcset=\"https:\/\/milikorpar.com\/wp-content\/uploads\/2026\/03\/ChatGPT-Image-23.-Maerz-2026-01_19_50.png 1024w, https:\/\/milikorpar.com\/wp-content\/uploads\/2026\/03\/ChatGPT-Image-23.-Maerz-2026-01_19_50-300x300.png 300w, https:\/\/milikorpar.com\/wp-content\/uploads\/2026\/03\/ChatGPT-Image-23.-Maerz-2026-01_19_50-150x150.png 150w, https:\/\/milikorpar.com\/wp-content\/uploads\/2026\/03\/ChatGPT-Image-23.-Maerz-2026-01_19_50-768x768.png 768w, https:\/\/milikorpar.com\/wp-content\/uploads\/2026\/03\/ChatGPT-Image-23.-Maerz-2026-01_19_50-600x600.png 600w\" sizes=\"(max-width: 1024px) 100vw, 1024px\" \/>\t\t\t\t\t\t\t\t\t\t\t\t\t\t\t<\/div>\n\t\t\t\t<\/div>\n\t\t\t\t\t<\/div>\n\t\t<\/div>\n\t\t\t\t\t<\/div>\n\t\t<\/section>\n\t\t\t\t<section class=\"elementor-section elementor-top-section elementor-element elementor-element-a8afd60 elementor-section-boxed elementor-section-height-default elementor-section-height-default\" data-id=\"a8afd60\" data-element_type=\"section\" data-settings=\"{&quot;background_background&quot;:&quot;gradient&quot;}\">\n\t\t\t\t\t\t<div class=\"elementor-container elementor-column-gap-default\">\n\t\t\t\t\t<div class=\"elementor-column elementor-col-100 elementor-top-column elementor-element elementor-element-3b580a1\" data-id=\"3b580a1\" data-element_type=\"column\">\n\t\t\t<div class=\"elementor-widget-wrap elementor-element-populated\">\n\t\t\t\t\t\t<div class=\"elementor-element elementor-element-1777a13 elementor-widget elementor-widget-text-editor\" data-id=\"1777a13\" data-element_type=\"widget\" data-widget_type=\"text-editor.default\">\n\t\t\t\t<div class=\"elementor-widget-container\">\n\t\t\t\t\t\t\t\t\t<p><em>Mili Korpar<\/em>\u00a0<\/p><h5><em>Glazba koja du\u0161u dira \u00b7 Nastup koji se pamti<\/em><\/h5><h5>Hrvatsko - slovenska sam pjeva\u010dica i autorica, koja ve\u0107 gotovo  tri desetlje\u0107a stvara na slovenskoj i hrvatskoj glazbenoj sceni. <strong>Hrvatsko - slovenska sam pjeva\u010dica, koja ve\u0107 gotovo tri desetlje\u0107a djeluje na slovenskoj i hrvatskoj sceni.                                                                      \nObjavila sam \u010detiri albuma, te potpisujem tekstove i glazbu brojnih pjesama a na pozornici povezujem glazbu,interpretaciju i zabavu. \nMoji nastupi donose spoj emocija, energije i autenti\u010dnog kontakta s  publikom.<\/strong> pevka in avtorica, ki \u017ee skoraj tri desetletja ustvarjam na slovenski glasbeni sceni.<br data-start=\"566\" data-end=\"569\" \/>Izdala sem \u0161tiri albume ter podpisala besedila znanih pesmi, na odru pa zdru\u017eujem glasbo, interpretacijo in zabavo.<br data-start=\"691\" data-end=\"694\" \/>Moji nastopi so preplet \u010dustev, energije in pristnega stika z ob\u010dinstvom<\/h5><p>\u00a0<\/p><p>\u00a0<\/p>\t\t\t\t\t\t\t\t<\/div>\n\t\t\t\t<\/div>\n\t\t\t\t\t<\/div>\n\t\t<\/div>\n\t\t\t\t\t<\/div>\n\t\t<\/section>\n\t\t\t\t<section class=\"elementor-section elementor-top-section elementor-element elementor-element-d6882f5 elementor-section-boxed elementor-section-height-default elementor-section-height-default\" data-id=\"d6882f5\" data-element_type=\"section\">\n\t\t\t\t\t\t<div class=\"elementor-container elementor-column-gap-default\">\n\t\t\t\t\t<div class=\"elementor-column elementor-col-100 elementor-top-column elementor-element elementor-element-69bbf39\" data-id=\"69bbf39\" data-element_type=\"column\">\n\t\t\t<div class=\"elementor-widget-wrap\">\n\t\t\t\t\t\t\t<\/div>\n\t\t<\/div>\n\t\t\t\t\t<\/div>\n\t\t<\/section>\n\t\t\t\t<\/div>","protected":false},"excerpt":{"rendered":"<p>Klikni in poslu\u0161aj novo pesem: Ne bom \u010dakala nate Dobrodo\u0161li v moj svet glasbe! Mili Korpar\u00a0 Glasba, ki se dotakne. Nastop ki ostane. Sem slovensko-hrva\u0161ka pevka in avtorica, ki \u017ee skoraj tri desetletja ustvarjam na slovenski glasbeni sceni.Izdala sem \u0161tiri albume ter podpisala besedila znanih pesmi, na odru pa zdru\u017eujem glasbo, interpretacijo in zabavo.Moji nastopi [&hellip;]<\/p>\n","protected":false},"author":1,"featured_media":0,"parent":0,"menu_order":1,"comment_status":"closed","ping_status":"closed","template":"","meta":{"ocean_post_layout":"full-screen","ocean_both_sidebars_style":"","ocean_both_sidebars_content_width":0,"ocean_both_sidebars_sidebars_width":0,"ocean_sidebar":"0","ocean_second_sidebar":"0","ocean_disable_margins":"enable","ocean_add_body_class":"","ocean_shortcode_before_top_bar":"","ocean_shortcode_after_top_bar":"","ocean_shortcode_before_header":"","ocean_shortcode_after_header":"","ocean_has_shortcode":"","ocean_shortcode_after_title":"","ocean_shortcode_before_footer_widgets":"","ocean_shortcode_after_footer_widgets":"","ocean_shortcode_before_footer_bottom":"","ocean_shortcode_after_footer_bottom":"","ocean_display_top_bar":"off","ocean_display_header":"default","ocean_header_style":"","ocean_center_header_left_menu":"0","ocean_custom_header_template":"0","ocean_custom_logo":0,"ocean_custom_retina_logo":0,"ocean_custom_logo_max_width":0,"ocean_custom_logo_tablet_max_width":0,"ocean_custom_logo_mobile_max_width":0,"ocean_custom_logo_max_height":0,"ocean_custom_logo_tablet_max_height":0,"ocean_custom_logo_mobile_max_height":0,"ocean_header_custom_menu":"0","ocean_menu_typo_font_family":"0","ocean_menu_typo_font_subset":"","ocean_menu_typo_font_size":0,"ocean_menu_typo_font_size_tablet":0,"ocean_menu_typo_font_size_mobile":0,"ocean_menu_typo_font_size_unit":"px","ocean_menu_typo_font_weight":"","ocean_menu_typo_font_weight_tablet":"","ocean_menu_typo_font_weight_mobile":"","ocean_menu_typo_transform":"","ocean_menu_typo_transform_tablet":"","ocean_menu_typo_transform_mobile":"","ocean_menu_typo_line_height":0,"ocean_menu_typo_line_height_tablet":0,"ocean_menu_typo_line_height_mobile":0,"ocean_menu_typo_line_height_unit":"","ocean_menu_typo_spacing":0,"ocean_menu_typo_spacing_tablet":0,"ocean_menu_typo_spacing_mobile":0,"ocean_menu_typo_spacing_unit":"","ocean_menu_link_color":"","ocean_menu_link_color_hover":"","ocean_menu_link_color_active":"","ocean_menu_link_background":"","ocean_menu_link_hover_background":"","ocean_menu_link_active_background":"","ocean_menu_social_links_bg":"","ocean_menu_social_hover_links_bg":"","ocean_menu_social_links_color":"","ocean_menu_social_hover_links_color":"","ocean_disable_title":"on","ocean_disable_heading":"default","ocean_post_title":"","ocean_post_subheading":"","ocean_post_title_style":"","ocean_post_title_background_color":"","ocean_post_title_background":0,"ocean_post_title_bg_image_position":"","ocean_post_title_bg_image_attachment":"","ocean_post_title_bg_image_repeat":"","ocean_post_title_bg_image_size":"","ocean_post_title_height":0,"ocean_post_title_bg_overlay":0.5,"ocean_post_title_bg_overlay_color":"","ocean_disable_breadcrumbs":"default","ocean_breadcrumbs_color":"","ocean_breadcrumbs_separator_color":"","ocean_breadcrumbs_links_color":"","ocean_breadcrumbs_links_hover_color":"","ocean_display_footer_widgets":"off","ocean_display_footer_bottom":"off","ocean_custom_footer_template":"0","omw_enable_modal_window":"enable","footnotes":""},"class_list":["post-187","page","type-page","status-publish","hentry","entry"],"_links":{"self":[{"href":"https:\/\/milikorpar.com\/hr\/wp-json\/wp\/v2\/pages\/187","targetHints":{"allow":["GET"]}}],"collection":[{"href":"https:\/\/milikorpar.com\/hr\/wp-json\/wp\/v2\/pages"}],"about":[{"href":"https:\/\/milikorpar.com\/hr\/wp-json\/wp\/v2\/types\/page"}],"author":[{"embeddable":true,"href":"https:\/\/milikorpar.com\/hr\/wp-json\/wp\/v2\/users\/1"}],"replies":[{"embeddable":true,"href":"https:\/\/milikorpar.com\/hr\/wp-json\/wp\/v2\/comments?post=187"}],"version-history":[{"count":460,"href":"https:\/\/milikorpar.com\/hr\/wp-json\/wp\/v2\/pages\/187\/revisions"}],"predecessor-version":[{"id":1740,"href":"https:\/\/milikorpar.com\/hr\/wp-json\/wp\/v2\/pages\/187\/revisions\/1740"}],"wp:attachment":[{"href":"https:\/\/milikorpar.com\/hr\/wp-json\/wp\/v2\/media?parent=187"}],"curies":[{"name":"wp","href":"https:\/\/api.w.org\/{rel}","templated":true}]}}